{"id":203,"date":"2022-05-13T09:54:00","date_gmt":"2022-05-13T13:54:00","guid":{"rendered":"https:\/\/boutiqueabc.com\/tdreno\/?page_id=203"},"modified":"2022-05-18T11:51:40","modified_gmt":"2022-05-18T15:51:40","slug":"td-renovations","status":"publish","type":"page","link":"https:\/\/tdreno.com\/fr\/td-renovations\/","title":{"rendered":"TD R\u00e9novations"},"content":{"rendered":"<div class=\"wpb-content-wrapper\"><p>[vc_row full_width=\u00a0\u00bbstretch_row\u00a0\u00bb css=\u00a0\u00bb.vc_custom_1652449373071{padding-top: 30px !important;padding-bottom: 30px !important;background-color: #1d1d1d !important;}\u00a0\u00bb][vc_column][vc_custom_heading text=\u00a0\u00bbTD R\u00c9NOVATIONS\u00a0\u00bb font_container=\u00a0\u00bbtag:h1|text_align:left|color:%23ffffff\u00a0\u00bb use_theme_fonts=\u00a0\u00bbyes\u00a0\u00bb el_id=\u00a0\u00bbtxt-400&Prime;][\/vc_column][\/vc_row][vc_row css=\u00a0\u00bb.vc_custom_1652450306252{margin-top: 50px !important;}\u00a0\u00bb][vc_column width=\u00a0\u00bb1\/2&Prime;][vc_single_image image=\u00a0\u00bb209&Prime; img_size=\u00a0\u00bbfull\u00a0\u00bb alignment=\u00a0\u00bbcenter\u00a0\u00bb css=\u00a0\u00bb.vc_custom_1652450728407{margin-bottom: 25px !important;}\u00a0\u00bb][vc_single_image image=\u00a0\u00bb216&Prime; img_size=\u00a0\u00bbfull\u00a0\u00bb alignment=\u00a0\u00bbcenter\u00a0\u00bb el_id=\u00a0\u00bbtd-border\u00a0\u00bb][\/vc_column][vc_column width=\u00a0\u00bb1\/2&Prime;][vc_custom_heading text=\u00a0\u00bbT.D. R\u00e9novations\u00a0\u00bb font_container=\u00a0\u00bbtag:h3|font_size:32px|text_align:left|color:%23222222&Prime; use_theme_fonts=\u00a0\u00bbyes\u00a0\u00bb css=\u00a0\u00bb.vc_custom_1652887998184{margin-bottom: 10px !important;}\u00a0\u00bb][vc_custom_heading text=\u00a0\u00bb7815913 Canada Inc. \u2013 RBQ# 5630.6731.01&Prime; font_container=\u00a0\u00bbtag:h5|text_align:left|color:%23666666&Prime; use_theme_fonts=\u00a0\u00bbyes\u00a0\u00bb][vc_column_text]R\u00e9novations est un entrepreneur g\u00e9n\u00e9ral sous licence et assur\u00e9 situ\u00e9 \u00e0 St.Lazare et desservant l\u2019ouest de l\u2019\u00eele et la r\u00e9gion m\u00e9tropolitaine g\u00e9n\u00e9rale de Montr\u00e9al. Incorpor\u00e9 depuis 2011 et exploit\u00e9 par Travis Yakimishyn, la direction et le personnel de T.D. Reno se sont engag\u00e9s \u00e0 effectuer des r\u00e9novations de qualit\u00e9 en temps opportun et \u00e0 un prix \u00e9quitable. Trop de entrepreneurs aujourd\u2019hui coupent des coins ou travaillent sans permis valide, si vous poss\u00e9dez un immeuble r\u00e9sidentiel ou ouvrez un immeuble commercial, assurez-vous que vous travaillez avec des professionnels form\u00e9s dans leurs domaines respectifs pour travailler rapidement, nettoyer et compl\u00e9ter le travail correctement.<\/p>\n<blockquote><p><strong>\u00abNous le faisons arriver\u00bb<\/strong><\/p><\/blockquote>\n<p>N\u2019est pas seulement notre slogan, c\u2019est notre mode de vie. N\u2019h\u00e9sitez pas \u00e0 nous demander une liste de nos clients pour voir le niveau de satisfaction que nous apportons.[\/vc_column_text][\/vc_column][\/vc_row][vc_row css=\u00a0\u00bb.vc_custom_1652450970381{margin-top: 80px !important;}\u00a0\u00bb][vc_column width=\u00a0\u00bb1\/4&Prime;][mvc_infobox info_opt=\u00a0\u00bbshow_icon\u00a0\u00bb icon_size=\u00a0\u00bb52&Prime; icon_height=\u00a0\u00bb52&Prime; hovershadow=\u00a0\u00bbvc_info_box_hvr_shadow\u00a0\u00bb line_height=\u00a0\u00bb1.5&Prime; title_color=\u00a0\u00bb#333333&Prime; font_icon=\u00a0\u00bbfar fa-lightbulb\u00a0\u00bb icon_color=\u00a0\u00bb#222222&Prime; hoverclr=\u00a0\u00bb#eb262a\u00a0\u00bb icon_bg=\u00a0\u00bb#ffffff\u00a0\u00bb hoverbg=\u00a0\u00bb#ffffff\u00a0\u00bb info_title=\u00a0\u00bbCONTRACTATEUR G\u00c9N\u00c9RAL\u00a0\u00bb title_size=\u00a0\u00bb24&Prime;]<\/p>\n<p style=\"text-align: center; font-size: 14px;\">Chez TD R\u00e9novation, nos entrepreneurs sont l\u00e0 pour vous aider tout au long du processus de r\u00e9novation de votre maison. Que ce soit en train de faire votre cuisine, salle de bains ou sous-sol, TD Reno a toutes les r\u00e9ponses.<\/p>\n<p>[\/mvc_infobox][\/vc_column][vc_column width=\u00a0\u00bb1\/4&Prime;][mvc_infobox info_opt=\u00a0\u00bbshow_icon\u00a0\u00bb icon_size=\u00a0\u00bb52&Prime; icon_height=\u00a0\u00bb52&Prime; hovershadow=\u00a0\u00bbvc_info_box_hvr_shadow\u00a0\u00bb line_height=\u00a0\u00bb1.5&Prime; title_color=\u00a0\u00bb#333333&Prime; font_icon=\u00a0\u00bbfar fa-lightbulb\u00a0\u00bb icon_color=\u00a0\u00bb#222222&Prime; hoverclr=\u00a0\u00bb#eb262a\u00a0\u00bb icon_bg=\u00a0\u00bb#ffffff\u00a0\u00bb hoverbg=\u00a0\u00bb#ffffff\u00a0\u00bb info_title=\u00a0\u00bbRBQ# 5630.6731.01&Prime; title_size=\u00a0\u00bb24&Prime;]<\/p>\n<p style=\"text-align: center; font-size: 14px;\">Au Qu\u00e9bec, toute personne qui effectue des travaux de construction ou qui a des travaux de construction doit \u00eatre autoris\u00e9e par la R\u00e9gie du b\u00e2timent du Qu\u00e9bec (RBQ), \u00e0 moins d&rsquo;\u00eatre exempt\u00e9e par la loi. Toujours v\u00e9rifier la licence.<\/p>\n<p>[\/mvc_infobox][\/vc_column][vc_column width=\u00a0\u00bb1\/4&Prime;][mvc_infobox info_opt=\u00a0\u00bbshow_icon\u00a0\u00bb icon_size=\u00a0\u00bb52&Prime; icon_height=\u00a0\u00bb52&Prime; hovershadow=\u00a0\u00bbvc_info_box_hvr_shadow\u00a0\u00bb line_height=\u00a0\u00bb1.5&Prime; title_color=\u00a0\u00bb#333333&Prime; font_icon=\u00a0\u00bbfar fa-lightbulb\u00a0\u00bb icon_color=\u00a0\u00bb#222222&Prime; hoverclr=\u00a0\u00bb#eb262a\u00a0\u00bb icon_bg=\u00a0\u00bb#ffffff\u00a0\u00bb hoverbg=\u00a0\u00bb#ffffff\u00a0\u00bb info_title=\u00a0\u00bbASSUR\u00c9\u00a0\u00bb title_size=\u00a0\u00bb24&Prime;]<\/p>\n<p style=\"text-align: center; font-size: 14px;\">Si vous poss\u00e9dez une propri\u00e9t\u00e9 r\u00e9sidentielle ou que vous dirigez un b\u00e2timent commercial, soyez assur\u00e9 que vous travaillez avec des professionnels form\u00e9s dans leurs domaines respectifs pour travailler rapidement, nettoyer et compl\u00e9ter le travail correctement.<\/p>\n<p>[\/mvc_infobox][\/vc_column][vc_column width=\u00a0\u00bb1\/4&Prime;][mvc_infobox info_opt=\u00a0\u00bbshow_icon\u00a0\u00bb icon_size=\u00a0\u00bb52&Prime; icon_height=\u00a0\u00bb52&Prime; hovershadow=\u00a0\u00bbvc_info_box_hvr_shadow\u00a0\u00bb line_height=\u00a0\u00bb1.5&Prime; title_color=\u00a0\u00bb#333333&Prime; font_icon=\u00a0\u00bbfar fa-lightbulb\u00a0\u00bb icon_color=\u00a0\u00bb#222222&Prime; hoverclr=\u00a0\u00bb#eb262a\u00a0\u00bb icon_bg=\u00a0\u00bb#ffffff\u00a0\u00bb hoverbg=\u00a0\u00bb#ffffff\u00a0\u00bb info_title=\u00a0\u00bbSATISFACTION DU CLIENT\u00a0\u00bb title_size=\u00a0\u00bb24&Prime;]<\/p>\n<p style=\"text-align: center; font-size: 14px;\">\u00abNous arrivons \u00e0 arriver\u00bb n&rsquo;est pas seulement notre slogan, c&rsquo;est notre mode de vie. N&rsquo;h\u00e9sitez pas \u00e0 nous demander une liste de nos clients pour voir le niveau de satisfaction que nous apportons. Envoyez nous un courriel \u00e0 <a href=\"mailto:info@tdreno.com\" target=\"_blank\" rel=\"noopener\">info@tdreno.com<\/a>.<\/p>\n<p>[\/mvc_infobox][\/vc_column][\/vc_row][vc_row full_width=\u00a0\u00bbstretch_row\u00a0\u00bb content_placement=\u00a0\u00bbmiddle\u00a0\u00bb parallax=\u00a0\u00bbcontent-moving\u00a0\u00bb parallax_image=\u00a0\u00bb222&Prime; css=\u00a0\u00bb.vc_custom_1652456040461{margin-top: 100px !important;padding-top: 80px !important;padding-bottom: 80px !important;}\u00a0\u00bb][vc_column][vc_row_inner][vc_column_inner width=\u00a0\u00bb1\/3&Prime;][mvc_infobox info_style=\u00a0\u00bbmega_info_box_2&Prime; info_opt=\u00a0\u00bbshow_icon\u00a0\u00bb icon_size=\u00a0\u00bb36&Prime; icon_height=\u00a0\u00bb72&Prime; line_height=\u00a0\u00bb1.5&Prime; title_color=\u00a0\u00bb#ffffff\u00a0\u00bb font_icon=\u00a0\u00bbfas fa-home\u00a0\u00bb icon_color=\u00a0\u00bbrgba(255,255,255,0.8)\u00a0\u00bb hoverclr=\u00a0\u00bbrgba(255,255,255,0.8)\u00a0\u00bb icon_bg=\u00a0\u00bbrgba(255,255,255,0.2)\u00a0\u00bb hoverbg=\u00a0\u00bb#eb262a\u00a0\u00bb info_title=\u00a0\u00bbCUISINES R\u00c9NOVATIONS\u00a0\u00bb title_size=\u00a0\u00bb20&Prime;]<\/p>\n<p style=\"font-size: 14px; color: #fff;\">Mettre \u00e0 jour une nouvelle cuisine qui peut inclure des appareils de haute technologie, des \u00e9tag\u00e8res simples \u00e0 concept ouvert, des \u00eelots de cuisine et des armoires qui offrent beaucoup d&rsquo;espace de stockage.<\/p>\n<p>[\/mvc_infobox][\/vc_column_inner][vc_column_inner width=\u00a0\u00bb1\/3&Prime;][mvc_infobox info_style=\u00a0\u00bbmega_info_box_2&Prime; info_opt=\u00a0\u00bbshow_icon\u00a0\u00bb icon_size=\u00a0\u00bb36&Prime; icon_height=\u00a0\u00bb72&Prime; line_height=\u00a0\u00bb1.5&Prime; title_color=\u00a0\u00bb#ffffff\u00a0\u00bb font_icon=\u00a0\u00bbfas fa-home\u00a0\u00bb icon_color=\u00a0\u00bbrgba(255,255,255,0.8)\u00a0\u00bb hoverclr=\u00a0\u00bbrgba(255,255,255,0.8)\u00a0\u00bb icon_bg=\u00a0\u00bbrgba(255,255,255,0.2)\u00a0\u00bb hoverbg=\u00a0\u00bb#eb262a\u00a0\u00bb info_title=\u00a0\u00bbR\u00c9NOVATION DE SALLE DE BAINS\u00a0\u00bb title_size=\u00a0\u00bb20&Prime;]<\/p>\n<p style=\"font-size: 14px; color: #fff;\">Salles de bains de luxe, salles de bains, salles de bains handicap\u00e9es, salles de lavage et plus encore. Les salles de bain cl\u00e9s en main sont faites professionnellement et en temps opportun.<\/p>\n<p>[\/mvc_infobox][\/vc_column_inner][vc_column_inner width=\u00a0\u00bb1\/3&Prime;][mvc_infobox info_style=\u00a0\u00bbmega_info_box_2&Prime; info_opt=\u00a0\u00bbshow_icon\u00a0\u00bb icon_size=\u00a0\u00bb36&Prime; icon_height=\u00a0\u00bb72&Prime; line_height=\u00a0\u00bb1.5&Prime; title_color=\u00a0\u00bb#ffffff\u00a0\u00bb font_icon=\u00a0\u00bbfas fa-home\u00a0\u00bb icon_color=\u00a0\u00bbrgba(255,255,255,0.8)\u00a0\u00bb hoverclr=\u00a0\u00bbrgba(255,255,255,0.8)\u00a0\u00bb icon_bg=\u00a0\u00bbrgba(255,255,255,0.2)\u00a0\u00bb hoverbg=\u00a0\u00bb#eb262a\u00a0\u00bb info_title=\u00a0\u00bbSOUS-SOL FINIS\u00a0\u00bb title_size=\u00a0\u00bb20&Prime;]<\/p>\n<p style=\"font-size: 14px; color: #fff;\">Man grottes et plus encore! Pi\u00e8ces de rechange, Saunas, Barres, Chemin\u00e9es, Centres de divertissement, Son surround, Salons de jeux et Blanchisserie.<\/p>\n<p>[\/mvc_infobox][\/vc_column_inner][\/vc_row_inner][vc_row_inner css=\u00a0\u00bb.vc_custom_1652454857083{margin-top: 30px !important;}\u00a0\u00bb][vc_column_inner width=\u00a0\u00bb1\/3&Prime;][mvc_infobox info_style=\u00a0\u00bbmega_info_box_2&Prime; info_opt=\u00a0\u00bbshow_icon\u00a0\u00bb icon_size=\u00a0\u00bb36&Prime; icon_height=\u00a0\u00bb72&Prime; line_height=\u00a0\u00bb1.5&Prime; title_color=\u00a0\u00bb#ffffff\u00a0\u00bb font_icon=\u00a0\u00bbfas fa-home\u00a0\u00bb icon_color=\u00a0\u00bbrgba(255,255,255,0.8)\u00a0\u00bb hoverclr=\u00a0\u00bbrgba(255,255,255,0.8)\u00a0\u00bb icon_bg=\u00a0\u00bbrgba(255,255,255,0.2)\u00a0\u00bb hoverbg=\u00a0\u00bb#eb262a\u00a0\u00bb info_title=\u00a0\u00bbFINITION INT\u00c9RIEURE\u00a0\u00bb title_size=\u00a0\u00bb20&Prime; caption_url=\u00a0\u00bb\u00a0\u00bb]<\/p>\n<p style=\"font-size: 14px; color: #fff;\">Moulage et menuiserie, portes, menuiserie personnalis\u00e9e, parquets, escaliers, pl\u00e2tres, c\u00e9ramiques, peintures et papier peint et beaucoup plus encore.<\/p>\n<p>[\/mvc_infobox][\/vc_column_inner][vc_column_inner width=\u00a0\u00bb1\/3&Prime;][mvc_infobox info_style=\u00a0\u00bbmega_info_box_2&Prime; info_opt=\u00a0\u00bbshow_icon\u00a0\u00bb icon_size=\u00a0\u00bb36&Prime; icon_height=\u00a0\u00bb72&Prime; line_height=\u00a0\u00bb1.5&Prime; title_color=\u00a0\u00bb#ffffff\u00a0\u00bb font_icon=\u00a0\u00bbfas fa-home\u00a0\u00bb icon_color=\u00a0\u00bbrgba(255,255,255,0.8)\u00a0\u00bb hoverclr=\u00a0\u00bbrgba(255,255,255,0.8)\u00a0\u00bb icon_bg=\u00a0\u00bbrgba(255,255,255,0.2)\u00a0\u00bb hoverbg=\u00a0\u00bb#eb262a\u00a0\u00bb info_title=\u00a0\u00bbDESIGNERS D&rsquo;INT\u00c9RIEUR\u00a0\u00bb title_size=\u00a0\u00bb20&Prime; caption_url=\u00a0\u00bb\u00a0\u00bb]<\/p>\n<p style=\"font-size: 14px; color: #fff;\">Nous travaillons avec vos concepteurs d&rsquo;int\u00e9rieurs et architectes, graphiques, diagrammes, ainsi que des illustrations \u00e9crites couvrant les mat\u00e9riaux et les composants.<\/p>\n<p>[\/mvc_infobox][\/vc_column_inner][vc_column_inner width=\u00a0\u00bb1\/3&Prime;][mvc_infobox info_style=\u00a0\u00bbmega_info_box_2&Prime; info_opt=\u00a0\u00bbshow_icon\u00a0\u00bb icon_size=\u00a0\u00bb36&Prime; icon_height=\u00a0\u00bb72&Prime; line_height=\u00a0\u00bb1.5&Prime; title_color=\u00a0\u00bb#ffffff\u00a0\u00bb font_icon=\u00a0\u00bbfas fa-home\u00a0\u00bb icon_color=\u00a0\u00bbrgba(255,255,255,0.8)\u00a0\u00bb hoverclr=\u00a0\u00bbrgba(255,255,255,0.8)\u00a0\u00bb icon_bg=\u00a0\u00bbrgba(255,255,255,0.2)\u00a0\u00bb hoverbg=\u00a0\u00bb#eb262a\u00a0\u00bb info_title=\u00a0\u00bb\u00c9LECTRICIENS AUTORIS\u00c9S\u00a0\u00bb title_size=\u00a0\u00bb20&Prime; caption_url=\u00a0\u00bb\u00a0\u00bb]<\/p>\n<p style=\"font-size: 14px; color: #fff;\">Nous ne sommes PAS des \u00e9lectriciens, nos entrepreneurs en \u00e9lectricit\u00e9 s\u00e9lectionn\u00e9s sont tous autoris\u00e9s et form\u00e9s par la Soci\u00e9t\u00e9 des ma\u00eetres \u00e9lectriciens du Qu\u00e9bec (CMEQ).<\/p>\n<p>[\/mvc_infobox][\/vc_column_inner][\/vc_row_inner][\/vc_column][\/vc_row][vc_row css=\u00a0\u00bb.vc_custom_1652456404735{margin-top: 80px !important;}\u00a0\u00bb][vc_column width=\u00a0\u00bb1\/4&Prime;][vc_single_image image=\u00a0\u00bb283&Prime; img_size=\u00a0\u00bbfull\u00a0\u00bb alignment=\u00a0\u00bbcenter\u00a0\u00bb][vc_custom_heading text=\u00a0\u00bbCUISINES PERSONNALIS\u00c9ES\u00a0\u00bb font_container=\u00a0\u00bbtag:h3|font_size:24px|text_align:center|color:%23666666&Prime; use_theme_fonts=\u00a0\u00bbyes\u00a0\u00bb el_id=\u00a0\u00bbtxt-400&Prime;][\/vc_column][vc_column width=\u00a0\u00bb1\/4&Prime;][vc_single_image image=\u00a0\u00bb284&Prime; img_size=\u00a0\u00bbfull\u00a0\u00bb alignment=\u00a0\u00bbcenter\u00a0\u00bb][vc_custom_heading text=\u00a0\u00bbSALLES DE BAINS\u00a0\u00bb font_container=\u00a0\u00bbtag:h3|font_size:24px|text_align:center|color:%23666666&Prime; use_theme_fonts=\u00a0\u00bbyes\u00a0\u00bb el_id=\u00a0\u00bbtxt-400&Prime;][\/vc_column][vc_column width=\u00a0\u00bb1\/4&Prime;][vc_single_image image=\u00a0\u00bb285&Prime; img_size=\u00a0\u00bbfull\u00a0\u00bb alignment=\u00a0\u00bbcenter\u00a0\u00bb][vc_custom_heading text=\u00a0\u00bbSOUS-SOLS PERSONNALIS\u00c9S\u00a0\u00bb font_container=\u00a0\u00bbtag:h3|font_size:24px|text_align:center|color:%23666666&Prime; use_theme_fonts=\u00a0\u00bbyes\u00a0\u00bb el_id=\u00a0\u00bbtxt-400&Prime;][\/vc_column][vc_column width=\u00a0\u00bb1\/4&Prime;][vc_single_image image=\u00a0\u00bb286&Prime; img_size=\u00a0\u00bbfull\u00a0\u00bb alignment=\u00a0\u00bbcenter\u00a0\u00bb][vc_custom_heading text=\u00a0\u00bbFINITION INT\u00c9RIEURE\u00a0\u00bb font_container=\u00a0\u00bbtag:h3|font_size:24px|text_align:center|color:%23666666&Prime; use_theme_fonts=\u00a0\u00bbyes\u00a0\u00bb el_id=\u00a0\u00bbtxt-400&Prime;][\/vc_column][\/vc_row][vc_row full_width=\u00a0\u00bbstretch_row\u00a0\u00bb content_placement=\u00a0\u00bbmiddle\u00a0\u00bb parallax=\u00a0\u00bbcontent-moving\u00a0\u00bb parallax_image=\u00a0\u00bb114&Prime; css=\u00a0\u00bb.vc_custom_1652881014506{margin-top: 100px !important;padding-top: 50px !important;padding-bottom: 50px !important;}\u00a0\u00bb][vc_column][vc_custom_heading text=\u00a0\u00bbT\u00c9MOIGNAGES DE CLIENTS\u00a0\u00bb font_container=\u00a0\u00bbtag:h2|font_size:36px|text_align:center|color:%23ffffff\u00a0\u00bb use_theme_fonts=\u00a0\u00bbyes\u00a0\u00bb el_id=\u00a0\u00bbtxt-500&Prime;][vc_icon icon_fontawesome=\u00a0\u00bbfas fa-quote-left\u00a0\u00bb color=\u00a0\u00bbcustom\u00a0\u00bb size=\u00a0\u00bblg\u00a0\u00bb align=\u00a0\u00bbcenter\u00a0\u00bb custom_color=\u00a0\u00bbrgba(255,255,255,0.4)\u00a0\u00bb][tm_carousel_father arrows=\u00a0\u00bbfalse\u00a0\u00bb dotclr=\u00a0\u00bbrgba(255,255,255,0.4)\u00a0\u00bb dotsize=\u00a0\u00bb60&Prime; class=\u00a0\u00bbtd-testimonials\u00a0\u00bb][tm_carousel_son titlesize=\u00a0\u00bb26&Prime; title=\u00a0\u00bbRALUCA SMARANDACHE\u00a0\u00bb titleclr=\u00a0\u00bb#eeeeee\u00a0\u00bb]<\/p>\n<p style=\"text-align: center; font-size: 25px; color: #d5d5d5; line-height: 1.6em;\">L\u2019\u00e9quipage entier \u00e9tait poli, ponctuel, propre, bien inform\u00e9, extr\u00eamement utile et \u00e9tait tr\u00e8s fier de leur travail qui se montrait \u00e0 chaque \u00e9tape: une grande r\u00e9flexion sur leur patron! Non seulement tout le monde \u00e9tait tr\u00e8s agr\u00e9able \u00e0 traiter, mais il \u00e9tait \u00e9galement tr\u00e8s rassurant de savoir que le travail \u00e9tait bien termin\u00e9. Tranquillit\u00e9 d\u2019esprit, inestimable \u2026<\/p>\n<p>[\/tm_carousel_son][tm_carousel_son titlesize=\u00a0\u00bb26&Prime; title=\u00a0\u00bbKIMBERLEY LAGENDYK\u00a0\u00bb titleclr=\u00a0\u00bb#eeeeee\u00a0\u00bb]<\/p>\n<p style=\"text-align: center; font-size: 25px; color: #d5d5d5; line-height: 1.6em;\">Nous avons embauch\u00e9 Travis et son \u00e9quipe pour reconstruire compl\u00e8tement une maison que nous avons achet\u00e9e \u00e0 Beaconsfield. Nous estimons qu\u2019ils \u00e9taient \u00e0 la fois tr\u00e8s professionnels et dignes de confiance. La qualit\u00e9 de l\u2019artisanat livr\u00e9 \u00e0 ce projet a \u00e9t\u00e9 excellente avec tous les d\u00e9tails que j\u2019ai demand\u00e9s respect\u00e9s. Ils ont travaill\u00e9 tr\u00e8s fort et livr\u00e9s \u00e0 temps. Je n\u2019h\u00e9siterais pas \u00e0 les recommander. Ils ont travaill\u00e9 avec nous pour rendre la maison des r\u00eaves r\u00e9alit\u00e9.<\/p>\n<p>[\/tm_carousel_son][tm_carousel_son titlesize=\u00a0\u00bb26&Prime; title=\u00a0\u00bbUTILISATEUR HOUZZ\u00a0\u00bb titleclr=\u00a0\u00bb#eeeeee\u00a0\u00bb]<\/p>\n<p style=\"text-align: center; font-size: 25px; color: #d5d5d5; line-height: 1.6em;\">Tout d\u2019abord, nous aimerions remercier Travis et toute son \u00e9quipe pour l\u2019excellent travail qu\u2019ils ont fait dans notre salle de bain \/ buanderie. Travis est all\u00e9 au-del\u00e0 pour r\u00e9pondre \u00e0 toutes nos demandes et \u00e0 tous les besoins. L\u2019\u00e9quipe enti\u00e8re \u00e9tait ponctuelle, efficace, polie, utile et minutieuse avec tous les d\u00e9tails. Nous allons certainement les utiliser \u00e0 nouveau pour une autre salle de bains et des projets futurs possibles.<\/p>\n<p>[\/tm_carousel_son][tm_carousel_son titlesize=\u00a0\u00bb26&Prime; title=\u00a0\u00bbUTILISATEUR HOUZZ\u00a0\u00bb titleclr=\u00a0\u00bb#eeeeee\u00a0\u00bb]<\/p>\n<p style=\"text-align: center; font-size: 25px; color: #d5d5d5; line-height: 1.6em;\">Nous avons r\u00e9cemment eu le plaisir d\u2019avoir r\u00e9nov\u00e9 notre salle de bains principale avec Travis et son \u00e9quipe bien \u00e9quip\u00e9e et tr\u00e8s comp\u00e9tente. Non seulement il est extr\u00eamement comp\u00e9tent et rapide pour rem\u00e9dier \u00e0 des probl\u00e8mes impr\u00e9vus, il est passionn\u00e9 de faire le meilleur travail possible. Ils ont livr\u00e9 sur ce projet et sont all\u00e9s au-del\u00e0. Merci Travis et T.D. R\u00e9novations!<\/p>\n<p>[\/tm_carousel_son][\/tm_carousel_father][\/vc_column][\/vc_row][vc_row css=\u00a0\u00bb.vc_custom_1652456810166{margin-top: 80px !important;}\u00a0\u00bb][vc_column][vc_custom_heading text=\u00a0\u00bbT.D. R\u00c9NOVATIONS\u00a0\u00bb font_container=\u00a0\u00bbtag:h3|font_size:32px|text_align:center|color:%23222222&Prime; use_theme_fonts=\u00a0\u00bbyes\u00a0\u00bb css=\u00a0\u00bb.vc_custom_1652889017385{margin-bottom: 10px !important;}\u00a0\u00bb][vc_custom_heading text=\u00a0\u00bb7815913 Canada Inc. \u2013 RBQ# 5630.6731.01&Prime; font_container=\u00a0\u00bbtag:h5|text_align:center|color:%23666666&Prime; use_theme_fonts=\u00a0\u00bbyes\u00a0\u00bb][vc_column_text]<\/p>\n<p style=\"text-align: center;\">Au Qu\u00e9bec, toute personne qui effectue des travaux de construction ou qui a des travaux de construction doit \u00eatre autoris\u00e9e par la R\u00e9gie du b\u00e2timent du Qu\u00e9bec (RQB), \u00e0 moins d\u2019\u00eatre exempt\u00e9e par la loi. Rappelez-vous, si vous \u00eates administrateur d\u2019un immeuble de copropri\u00e9t\u00e9, d\u2019une installation destin\u00e9e \u00e0 un usage public ou d\u2019une installation assujettie \u00e0 la Loi sur la construction, vous devez, par la loi, utiliser un entrepreneur agr\u00e9\u00e9. Nous obtenons notre licence non seulement pour vous prot\u00e9ger, mais aussi pour prot\u00e9ger les personnes qui utiliseront vos installations. Si un prix semble trop bon march\u00e9, il y a g\u00e9n\u00e9ralement une raison.<\/p>\n<p style=\"text-align: center;\">Alors n\u2019h\u00e9sitez pas \u00e0 nous contacter pour toute question que vous pourriez avoir, peu importe la taille ou la taille du travail. Et rappelez-vous que toutes nos estimations sont gratuites. Nous pouvons nous joindre par t\u00e9l\u00e9phone au <a href=\"tel:5145853507\">514.585.3507<\/a>, par courrier \u00e9lectronique \u00e0 <a href=\"mailto:info@tdreno.ca\" target=\"_blank\" rel=\"noopener\">info@tdreno.ca<\/a>, ou en remplissant le formulaire ci-dessous:<\/p>\n<p>[\/vc_column_text][\/vc_column][\/vc_row][vc_row][vc_column width=\u00a0\u00bb1\/6&Prime;][\/vc_column][vc_column width=\u00a0\u00bb2\/3&Prime;]\n<div class=\"wpcf7 no-js\" id=\"wpcf7-f11-o1\" lang=\"en-CA\" dir=\"ltr\" data-wpcf7-id=\"11\">\n<div class=\"screen-reader-response\"><p role=\"status\" aria-live=\"polite\" aria-atomic=\"true\"><\/p> <ul><\/ul><\/div>\n<form action=\"\/fr\/wp-json\/wp\/v2\/pages\/203#wpcf7-f11-o1\" method=\"post\" class=\"wpcf7-form init\" aria-label=\"Contact form\" novalidate=\"novalidate\" data-status=\"init\">\n<fieldset class=\"hidden-fields-container\"><input type=\"hidden\" name=\"_wpcf7\" value=\"11\" \/><input type=\"hidden\" name=\"_wpcf7_version\" value=\"6.1.5\" \/><input type=\"hidden\" name=\"_wpcf7_locale\" value=\"en_CA\" \/><input type=\"hidden\" name=\"_wpcf7_unit_tag\" value=\"wpcf7-f11-o1\" \/><input type=\"hidden\" name=\"_wpcf7_container_post\" value=\"0\" \/><input type=\"hidden\" name=\"_wpcf7_posted_data_hash\" value=\"\" \/><input type=\"hidden\" name=\"_wpcf7_recaptcha_response\" value=\"\" \/>\n<\/fieldset>\n<div class=\"clearfix\">\n\t<div id=\"left\">\n\t\t<p><span class=\"wpcf7-form-control-wrap\" data-name=\"your-name\"><input size=\"40\" maxlength=\"400\" class=\"wpcf7-form-control wpcf7-text wpcf7-validates-as-required\" aria-required=\"true\" aria-invalid=\"false\" placeholder=\"Nom*\" value=\"\" type=\"text\" name=\"your-name\" \/><\/span><br \/>\n<span class=\"wpcf7-form-control-wrap\" data-name=\"your-address\"><input size=\"40\" maxlength=\"400\" class=\"wpcf7-form-control wpcf7-text\" aria-invalid=\"false\" placeholder=\"Adresse\" value=\"\" type=\"text\" name=\"your-address\" \/><\/span>\n\t\t<\/p>\n\t<\/div>\n\t<div id=\"right\">\n\t\t<p><span class=\"wpcf7-form-control-wrap\" data-name=\"your-email\"><input size=\"40\" maxlength=\"400\" class=\"wpcf7-form-control wpcf7-email wpcf7-validates-as-required wpcf7-text wpcf7-validates-as-email\" aria-required=\"true\" aria-invalid=\"false\" placeholder=\"Courriel*\" value=\"\" type=\"email\" name=\"your-email\" \/><\/span><br \/>\n<span class=\"wpcf7-form-control-wrap\" data-name=\"your-phone\"><input size=\"40\" maxlength=\"400\" class=\"wpcf7-form-control wpcf7-tel wpcf7-validates-as-required wpcf7-text wpcf7-validates-as-tel\" aria-required=\"true\" aria-invalid=\"false\" placeholder=\"T\u00e9l\u00e9phone*\" value=\"\" type=\"tel\" name=\"your-phone\" \/><\/span>\n\t\t<\/p>\n\t<\/div>\n\t<p><span class=\"wpcf7-form-control-wrap\" data-name=\"your-message\"><textarea cols=\"40\" rows=\"6\" maxlength=\"2000\" class=\"wpcf7-form-control wpcf7-textarea\" aria-invalid=\"false\" placeholder=\"Votre message\" name=\"your-message\"><\/textarea><\/span><br \/>\n<input class=\"wpcf7-form-control wpcf7-submit has-spinner\" type=\"submit\" value=\"ENVOYER\" \/>\n\t<\/p>\n<\/div><p style=\"display: none !important;\" class=\"akismet-fields-container\" data-prefix=\"_wpcf7_ak_\"><label>&#916;<textarea name=\"_wpcf7_ak_hp_textarea\" cols=\"45\" rows=\"8\" maxlength=\"100\"><\/textarea><\/label><input type=\"hidden\" id=\"ak_js_1\" name=\"_wpcf7_ak_js\" value=\"10\"\/><script>document.getElementById( \"ak_js_1\" ).setAttribute( \"value\", ( new Date() ).getTime() );<\/script><\/p><div class=\"wpcf7-response-output\" aria-hidden=\"true\"><\/div>\n<\/form>\n<\/div>\n[\/vc_column][vc_column width=\u00a0\u00bb1\/6&Prime;][\/vc_column][\/vc_row]<\/p>\n<\/div>","protected":false},"excerpt":{"rendered":"<p>[vc_row full_width=\u00a0\u00bbstretch_row\u00a0\u00bb css=\u00a0\u00bb.vc_custom_1652449373071{padding-top: 30px !important;padding-bottom: 30px !important;background-color: #1d1d1d !important;}\u00a0\u00bb][vc_column][vc_custom_heading text=\u00a0\u00bbTD R\u00c9NOVATIONS\u00a0\u00bb font_container=\u00a0\u00bbtag:h1|text_align:left|color:%23ffffff\u00a0\u00bb use_theme_fonts=\u00a0\u00bbyes\u00a0\u00bb el_id=\u00a0\u00bbtxt-400&Prime;][\/vc_column][\/vc_row][vc_row css=\u00a0\u00bb.vc_custom_1652450306252{margin-top: 50px !important;}\u00a0\u00bb][vc_column width=\u00a0\u00bb1\/2&Prime;][vc_single_image image=\u00a0\u00bb209&Prime; img_size=\u00a0\u00bbfull\u00a0\u00bb alignment=\u00a0\u00bbcenter\u00a0\u00bb css=\u00a0\u00bb.vc_custom_1652450728407{margin-bottom: 25px !important;}\u00a0\u00bb][vc_single_image image=\u00a0\u00bb216&Prime; img_size=\u00a0\u00bbfull\u00a0\u00bb alignment=\u00a0\u00bbcenter\u00a0\u00bb el_id=\u00a0\u00bbtd-border\u00a0\u00bb][\/vc_column][vc_column width=\u00a0\u00bb1\/2&Prime;][vc_custom_heading text=\u00a0\u00bbT.D. R\u00e9novations\u00a0\u00bb font_container=\u00a0\u00bbtag:h3|font_size:32px|text_align:left|color:%23222222&Prime; use_theme_fonts=\u00a0\u00bbyes\u00a0\u00bb css=\u00a0\u00bb.vc_custom_1652887998184{margin-bottom: 10px !important;}\u00a0\u00bb][vc_custom_heading text=\u00a0\u00bb7815913 Canada Inc. \u2013 RBQ# 5630.6731.01&Prime; font_container=\u00a0\u00bbtag:h5|text_align:left|color:%23666666&Prime; use_theme_fonts=\u00a0\u00bbyes\u00a0\u00bb][vc_column_text]R\u00e9novations est un entrepreneur g\u00e9n\u00e9ral sous licence et assur\u00e9 situ\u00e9 \u00e0 St.Lazare &#8230; <a title=\"TD R\u00e9novations\" class=\"read-more\" href=\"https:\/\/tdreno.com\/fr\/td-renovations\/\" aria-label=\"More on TD R\u00e9novations\">Read more<\/a><\/p>\n","protected":false},"author":1,"featured_media":0,"parent":0,"menu_order":0,"comment_status":"closed","ping_status":"closed","template":"","meta":{"inline_featured_image":false,"footnotes":""},"class_list":["post-203","page","type-page","status-publish"],"_links":{"self":[{"href":"https:\/\/tdreno.com\/fr\/wp-json\/wp\/v2\/pages\/203","targetHints":{"allow":["GET"]}}],"collection":[{"href":"https:\/\/tdreno.com\/fr\/wp-json\/wp\/v2\/pages"}],"about":[{"href":"https:\/\/tdreno.com\/fr\/wp-json\/wp\/v2\/types\/page"}],"author":[{"embeddable":true,"href":"https:\/\/tdreno.com\/fr\/wp-json\/wp\/v2\/users\/1"}],"replies":[{"embeddable":true,"href":"https:\/\/tdreno.com\/fr\/wp-json\/wp\/v2\/comments?post=203"}],"version-history":[{"count":0,"href":"https:\/\/tdreno.com\/fr\/wp-json\/wp\/v2\/pages\/203\/revisions"}],"wp:attachment":[{"href":"https:\/\/tdreno.com\/fr\/wp-json\/wp\/v2\/media?parent=203"}],"curies":[{"name":"wp","href":"https:\/\/api.w.org\/{rel}","templated":true}]}}